{"id":3234,"date":"2023-10-27T18:48:37","date_gmt":"2023-10-27T16:48:37","guid":{"rendered":"https:\/\/conacc.pl\/uslugi-kadr-i-plac\/"},"modified":"2023-10-27T18:48:37","modified_gmt":"2023-10-27T16:48:37","slug":"uslugi-kadr-i-plac","status":"publish","type":"page","link":"https:\/\/conacc.pl\/en\/uslugi-kadr-i-plac\/","title":{"rendered":"Us\u0142ugi kadr i p\u0142ac"},"content":{"rendered":"\t\t<div data-elementor-type=\"wp-page\" data-elementor-id=\"3234\" class=\"elementor elementor-3234 elementor-1518\" data-elementor-post-type=\"page\">\n\t\t\t\t\t\t\t<div class=\"elementor-element elementor-element-35abcfc e-con-full hoverBackground e-flex wpr-particle-no wpr-jarallax-no wpr-parallax-no wpr-sticky-section-no e-con e-parent\" data-id=\"35abcfc\" data-element_type=\"container\" data-settings=\"{&quot;content_width&quot;:&quot;full&quot;,&quot;background_background&quot;:&quot;classic&quot;}\" data-core-v316-plus=\"true\">\n\t\t<div class=\"elementor-element elementor-element-e17a575 e-con-full e-flex wpr-particle-no wpr-jarallax-no wpr-parallax-no wpr-sticky-section-no e-con e-child\" data-id=\"e17a575\" data-element_type=\"container\" data-settings=\"{&quot;content_width&quot;:&quot;full&quot;}\">\n\t\t\t\t<div class=\"elementor-element elementor-element-ee14327 elementor-widget elementor-widget-heading\" data-id=\"ee14327\" data-element_type=\"widget\" data-widget_type=\"heading.default\">\n\t\t\t\t<div class=\"elementor-widget-container\">\n\t\t\t<style>\/*! elementor - v3.18.0 - 20-12-2023 *\/\n.elementor-heading-title{padding:0;margin:0;line-height:1}.elementor-widget-heading .elementor-heading-title[class*=elementor-size-]>a{color:inherit;font-size:inherit;line-height:inherit}.elementor-widget-heading .elementor-heading-title.elementor-size-small{font-size:15px}.elementor-widget-heading .elementor-heading-title.elementor-size-medium{font-size:19px}.elementor-widget-heading .elementor-heading-title.elementor-size-large{font-size:29px}.elementor-widget-heading .elementor-heading-title.elementor-size-xl{font-size:39px}.elementor-widget-heading .elementor-heading-title.elementor-size-xxl{font-size:59px}<\/style><h1 class=\"elementor-heading-title elementor-size-default\">US\u0141UGI KADR I P\u0141AC<\/h1>\t\t<\/div>\n\t\t\t\t<\/div>\n\t\t\t\t<\/div>\n\t\t\t\t<\/div>\n\t\t<div class=\"elementor-element elementor-element-7f075bf e-flex e-con-boxed wpr-particle-no wpr-jarallax-no wpr-parallax-no wpr-sticky-section-no e-con e-parent\" data-id=\"7f075bf\" data-element_type=\"container\" data-settings=\"{&quot;content_width&quot;:&quot;boxed&quot;}\" data-core-v316-plus=\"true\">\n\t\t\t\t\t<div class=\"e-con-inner\">\n\t\t\t\t<div class=\"elementor-element elementor-element-e9f9aa6 elementor-widget elementor-widget-heading\" data-id=\"e9f9aa6\" data-element_type=\"widget\" data-widget_type=\"heading.default\">\n\t\t\t\t<div class=\"elementor-widget-container\">\n\t\t\t<h2 class=\"elementor-heading-title elementor-size-default\">Mo\u017cesz liczy\u0107 na kompleksow\u0105 obs\u0142ug\u0119 kadrowo-p\u0142acow\u0105 z naszej strony.<br\/> W ramach wsp\u00f3\u0142pracy udost\u0119pnimy Ci aplikacj\u0119, za pomoc\u0105 kt\u00f3rej Ty oraz <br\/>Twoi pracownicy b\u0119dziecie mieli sta\u0142y dost\u0119p do aktualnych danych <br\/>o zatrudnieniu, w tym wynagrodze\u0144, sk\u0142adek i podatk\u00f3w. W praktyce oznacza <br\/>to \u0142atwiejsze i efektywniejsze zarz\u0105dzanie firm\u0105.<\/h2>\t\t<\/div>\n\t\t\t\t<\/div>\n\t\t\t\t\t<\/div>\n\t\t\t\t<\/div>\n\t\t<div class=\"elementor-element elementor-element-f5df379 e-flex e-con-boxed wpr-particle-no wpr-jarallax-no wpr-parallax-no wpr-sticky-section-no e-con e-parent\" data-id=\"f5df379\" data-element_type=\"container\" data-settings=\"{&quot;content_width&quot;:&quot;boxed&quot;}\" data-core-v316-plus=\"true\">\n\t\t\t\t\t<div class=\"e-con-inner\">\n\t\t<div class=\"elementor-element elementor-element-6f0f110 e-con-full e-flex wpr-particle-no wpr-jarallax-no wpr-parallax-no wpr-sticky-section-no e-con e-child\" data-id=\"6f0f110\" data-element_type=\"container\" data-settings=\"{&quot;content_width&quot;:&quot;full&quot;}\">\n\t\t\t\t<div class=\"elementor-element elementor-element-9f9fc9f elementor-widget elementor-widget-heading\" data-id=\"9f9fc9f\" data-element_type=\"widget\" data-widget_type=\"heading.default\">\n\t\t\t\t<div class=\"elementor-widget-container\">\n\t\t\t<h2 class=\"elementor-heading-title elementor-size-default\">Nie oszcz\u0119dzaj na pracownikach \u2013 zaoszcz\u0119d\u017a na obs\u0142udze ich wynagrodze\u0144.<\/h2>\t\t<\/div>\n\t\t\t\t<\/div>\n\t\t\t\t<div class=\"elementor-element elementor-element-56b9c93 elementor-widget elementor-widget-text-editor\" data-id=\"56b9c93\" data-element_type=\"widget\" data-widget_type=\"text-editor.default\">\n\t\t\t\t<div class=\"elementor-widget-container\">\n\t\t\t<style>\/*! elementor - v3.18.0 - 20-12-2023 *\/\n.elementor-widget-text-editor.elementor-drop-cap-view-stacked .elementor-drop-cap{background-color:#69727d;color:#fff}.elementor-widget-text-editor.elementor-drop-cap-view-framed .elementor-drop-cap{color:#69727d;border:3px solid;background-color:transparent}.elementor-widget-text-editor:not(.elementor-drop-cap-view-default) .elementor-drop-cap{margin-top:8px}.elementor-widget-text-editor:not(.elementor-drop-cap-view-default) .elementor-drop-cap-letter{width:1em;height:1em}.elementor-widget-text-editor .elementor-drop-cap{float:left;text-align:center;line-height:1;font-size:50px}.elementor-widget-text-editor .elementor-drop-cap-letter{display:inline-block}<\/style>\t\t\t\t<p><strong>Zakres us\u0142ug<\/strong><\/p><p>\u2022 Administracja kadr\u00a0<\/p><p>\u2022 Payroll (naliczanie wynagrodze\u0144)\u00a0<\/p><p>\u2022 Naliczanie sk\u0142adek ZUS\u00a0<\/p><p>\u2022 Sprawozdawczo\u015b\u0107 w zakresie kadrowo-p\u0142acowym \u2022 Rozliczanie PPK\u00a0<\/p><p>\u2022 Rozliczanie PFRON (SODiR)\u00a0<\/p><p>\u2022 Nadz\u00f3r i doradztwo dla s\u0142u\u017cb kadrowych sp\u00f3\u0142ek<\/p>\t\t\t\t\t\t<\/div>\n\t\t\t\t<\/div>\n\t\t\t\t<div class=\"elementor-element elementor-element-1f5ea2e elementor-align-left elementor-widget elementor-widget-button\" data-id=\"1f5ea2e\" data-element_type=\"widget\" data-widget_type=\"button.default\">\n\t\t\t\t<div class=\"elementor-widget-container\">\n\t\t\t\t\t<div class=\"elementor-button-wrapper\">\n\t\t\t<a class=\"elementor-button elementor-button-link elementor-size-lg\" href=\"https:\/\/conacc.pl\/kontakt\/\">\n\t\t\t\t\t\t<span class=\"elementor-button-content-wrapper\">\n\t\t\t\t\t\t<span class=\"elementor-button-icon elementor-align-icon-right\">\n\t\t\t\t<svg aria-hidden=\"true\" class=\"e-font-icon-svg e-fas-long-arrow-alt-right\" viewBox=\"0 0 448 512\" xmlns=\"http:\/\/www.w3.org\/2000\/svg\"><path d=\"M313.941 216H12c-6.627 0-12 5.373-12 12v56c0 6.627 5.373 12 12 12h301.941v46.059c0 21.382 25.851 32.09 40.971 16.971l86.059-86.059c9.373-9.373 9.373-24.569 0-33.941l-86.059-86.059c-15.119-15.119-40.971-4.411-40.971 16.971V216z\"><\/path><\/svg>\t\t\t<\/span>\n\t\t\t\t\t\t<span class=\"elementor-button-text\">Um\u00f3w si\u0119 na niezobowi\u0105zuj\u0105c\u0105 rozmow\u0119 z naszym konsultantem<\/span>\n\t\t<\/span>\n\t\t\t\t\t<\/a>\n\t\t<\/div>\n\t\t\t\t<\/div>\n\t\t\t\t<\/div>\n\t\t\t\t<\/div>\n\t\t<div class=\"elementor-element elementor-element-1535011 e-con-full e-flex wpr-particle-no wpr-jarallax-no wpr-parallax-no wpr-sticky-section-no e-con e-child\" data-id=\"1535011\" data-element_type=\"container\" data-settings=\"{&quot;content_width&quot;:&quot;full&quot;}\">\n\t\t\t\t<div class=\"elementor-element elementor-element-d0f1e0d elementor-widget elementor-widget-image\" data-id=\"d0f1e0d\" data-element_type=\"widget\" data-widget_type=\"image.default\">\n\t\t\t\t<div class=\"elementor-widget-container\">\n\t\t\t<style>\/*! elementor - v3.18.0 - 20-12-2023 *\/\n.elementor-widget-image{text-align:center}.elementor-widget-image a{display:inline-block}.elementor-widget-image a img[src$=\".svg\"]{width:48px}.elementor-widget-image img{vertical-align:middle;display:inline-block}<\/style>\t\t\t\t\t\t\t\t\t\t\t\t<img decoding=\"async\" src=\"https:\/\/conacc.pl\/wp-content\/uploads\/elementor\/thumbs\/shutterstock_2223155995-scaled-qehjwtw0l4j5i922iidugrl81ehzi4uwx7iothj54s.jpg\" title=\"Payroll,Business,Finance,Concept,,Businessman,Analyzing,Financial,Data,With,Payroll\" alt=\"Payroll,Business,Finance,Concept,,Businessman,Analyzing,Financial,Data,With,Payroll\" loading=\"lazy\" \/>\t\t\t\t\t\t\t\t\t\t\t\t\t\t\t<\/div>\n\t\t\t\t<\/div>\n\t\t\t\t<\/div>\n\t\t\t\t\t<\/div>\n\t\t\t\t<\/div>\n\t\t\t\t\t\t\t<\/div>\n\t\t","protected":false},"excerpt":{"rendered":"<p>US\u0141UGI KADR I P\u0141AC Mo\u017cesz liczy\u0107 na kompleksow\u0105 obs\u0142ug\u0119 kadrowo-p\u0142acow\u0105 z naszej strony. W ramach wsp\u00f3\u0142pracy udost\u0119pnimy Ci aplikacj\u0119, za pomoc\u0105 kt\u00f3rej Ty oraz Twoi pracownicy b\u0119dziecie mieli sta\u0142y dost\u0119p do aktualnych danych o zatrudnieniu, w tym wynagrodze\u0144, sk\u0142adek i podatk\u00f3w. W praktyce oznacza to \u0142atwiejsze i efektywniejsze zarz\u0105dzanie firm\u0105. Nie oszcz\u0119dzaj na pracownikach \u2013 [&hellip;]<\/p>\n","protected":false},"author":3,"featured_media":0,"parent":0,"menu_order":0,"comment_status":"closed","ping_status":"closed","template":"","meta":{"site-sidebar-layout":"no-sidebar","site-content-layout":"page-builder","ast-site-content-layout":"full-width-container","site-content-style":"default","site-sidebar-style":"default","ast-global-header-display":"","ast-banner-title-visibility":"","ast-main-header-display":"","ast-hfb-above-header-display":"","ast-hfb-below-header-display":"","ast-hfb-mobile-header-display":"","site-post-title":"disabled","ast-breadcrumbs-content":"","ast-featured-img":"disabled","footer-sml-layout":"","theme-transparent-header-meta":"","adv-header-id-meta":"","stick-header-meta":"","header-above-stick-meta":"","header-main-stick-meta":"","header-below-stick-meta":"","astra-migrate-meta-layouts":"set","ast-page-background-enabled":"default","ast-page-background-meta":{"desktop":{"background-color":"var(--ast-global-color-4)","background-image":"","background-repeat":"repeat","background-position":"center center","background-size":"auto","background-attachment":"scroll","background-type":"","background-media":"","overlay-type":"","overlay-color":"","overlay-gradient":""},"tablet":{"background-color":"","background-image":"","background-repeat":"repeat","background-position":"center center","background-size":"auto","background-attachment":"scroll","background-type":"","background-media":"","overlay-type":"","overlay-color":"","overlay-gradient":""},"mobile":{"background-color":"","background-image":"","background-repeat":"repeat","background-position":"center center","background-size":"auto","background-attachment":"scroll","background-type":"","background-media":"","overlay-type":"","overlay-color":"","overlay-gradient":""}},"ast-content-background-meta":{"desktop":{"background-color":"var(--ast-global-color-5)","background-image":"","background-repeat":"repeat","background-position":"center center","background-size":"auto","background-attachment":"scroll","background-type":"","background-media":"","overlay-type":"","overlay-color":"","overlay-gradient":""},"tablet":{"background-color":"var(--ast-global-color-5)","background-image":"","background-repeat":"repeat","background-position":"center center","background-size":"auto","background-attachment":"scroll","background-type":"","background-media":"","overlay-type":"","overlay-color":"","overlay-gradient":""},"mobile":{"background-color":"var(--ast-global-color-5)","background-image":"","background-repeat":"repeat","background-position":"center center","background-size":"auto","background-attachment":"scroll","background-type":"","background-media":"","overlay-type":"","overlay-color":"","overlay-gradient":""}},"footnotes":""},"class_list":["post-3234","page","type-page","status-publish","hentry"],"rttpg_featured_image_url":null,"rttpg_author":{"display_name":"conacc","author_link":"https:\/\/conacc.pl\/en\/author\/conacc\/"},"rttpg_comment":0,"rttpg_category":false,"rttpg_excerpt":"US\u0141UGI KADR I P\u0141AC Mo\u017cesz liczy\u0107 na kompleksow\u0105 obs\u0142ug\u0119 kadrowo-p\u0142acow\u0105 z naszej strony. W ramach wsp\u00f3\u0142pracy udost\u0119pnimy Ci aplikacj\u0119, za pomoc\u0105 kt\u00f3rej Ty oraz Twoi pracownicy b\u0119dziecie mieli sta\u0142y dost\u0119p do aktualnych danych o zatrudnieniu, w tym wynagrodze\u0144, sk\u0142adek i podatk\u00f3w. W praktyce oznacza to \u0142atwiejsze i efektywniejsze zarz\u0105dzanie firm\u0105. Nie oszcz\u0119dzaj na pracownikach \u2013&hellip;","_links":{"self":[{"href":"https:\/\/conacc.pl\/en\/wp-json\/wp\/v2\/pages\/3234","targetHints":{"allow":["GET"]}}],"collection":[{"href":"https:\/\/conacc.pl\/en\/wp-json\/wp\/v2\/pages"}],"about":[{"href":"https:\/\/conacc.pl\/en\/wp-json\/wp\/v2\/types\/page"}],"author":[{"embeddable":true,"href":"https:\/\/conacc.pl\/en\/wp-json\/wp\/v2\/users\/3"}],"replies":[{"embeddable":true,"href":"https:\/\/conacc.pl\/en\/wp-json\/wp\/v2\/comments?post=3234"}],"version-history":[{"count":0,"href":"https:\/\/conacc.pl\/en\/wp-json\/wp\/v2\/pages\/3234\/revisions"}],"wp:attachment":[{"href":"https:\/\/conacc.pl\/en\/wp-json\/wp\/v2\/media?parent=3234"}],"curies":[{"name":"wp","href":"https:\/\/api.w.org\/{rel}","templated":true}]}}